{"id":36,"date":"2023-11-01T21:42:36","date_gmt":"2023-11-01T21:42:36","guid":{"rendered":"https:\/\/devel1.wp.eduead.com.br\/?page_id=36"},"modified":"2024-09-13T12:58:32","modified_gmt":"2024-09-13T12:58:32","slug":"noticias","status":"publish","type":"page","link":"https:\/\/devel1.wp.eduead.com.br\/index.php\/noticias\/","title":{"rendered":"Noticias"},"content":{"rendered":"\t\t<div data-elementor-type=\"wp-page\" data-elementor-id=\"36\" class=\"elementor elementor-36\" data-elementor-post-type=\"page\">\n\t\t\t\t<div class=\"elementor-element elementor-element-7fe3308c e-flex e-con-boxed e-con e-parent\" data-id=\"7fe3308c\" data-element_type=\"container\" data-settings=\"{&quot;animation&quot;:&quot;none&quot;}\">\n\t\t\t\t\t<div class=\"e-con-inner\">\n\t\t<div class=\"elementor-element elementor-element-3d699a47 e-con-full e-flex e-con e-child\" data-id=\"3d699a47\" data-element_type=\"container\">\n\t\t\t\t<div class=\"elementor-element elementor-element-765ab165 elementor-widget elementor-widget-image\" data-id=\"765ab165\" data-element_type=\"widget\" data-widget_type=\"image.default\">\n\t\t\t\t<div class=\"elementor-widget-container\">\n\t\t\t<style>\/*! elementor - v3.23.0 - 05-08-2024 *\/\n.elementor-widget-image{text-align:center}.elementor-widget-image a{display:inline-block}.elementor-widget-image a img[src$=\".svg\"]{width:48px}.elementor-widget-image img{vertical-align:middle;display:inline-block}<\/style>\t\t\t\t\t\t\t\t\t\t\t<a href=\"https:\/\/devel1.wp.eduead.com.br\/index.php\/home-2\/\">\n\t\t\t\t\t\t\t<img fetchpriority=\"high\" decoding=\"async\" width=\"895\" height=\"99\" src=\"https:\/\/devel1.wp.eduead.com.br\/wp-content\/uploads\/2024\/09\/Logo-DIRECTPROVIDER-vetorizado-1.svg\" class=\"attachment-full size-full wp-image-901\" alt=\"\" \/>\t\t\t\t\t\t\t\t<\/a>\n\t\t\t\t\t\t\t\t\t\t\t\t\t<\/div>\n\t\t\t\t<\/div>\n\t\t\t\t<\/div>\n\t\t<div class=\"elementor-element elementor-element-48ac2d78 e-con-full e-flex e-con e-child\" data-id=\"48ac2d78\" data-element_type=\"container\">\n\t\t\t\t<div class=\"elementor-element elementor-element-6ada0e elementor-widget__width-inherit elementor-nav-menu__align-center elementor-nav-menu--dropdown-tablet elementor-nav-menu__text-align-aside elementor-nav-menu--toggle elementor-nav-menu--burger elementor-widget elementor-widget-nav-menu\" data-id=\"6ada0e\" data-element_type=\"widget\" data-settings=\"{&quot;submenu_icon&quot;:{&quot;value&quot;:&quot;&lt;i class=\\&quot;\\&quot;&gt;&lt;\\\/i&gt;&quot;,&quot;library&quot;:&quot;&quot;},&quot;layout&quot;:&quot;horizontal&quot;,&quot;toggle&quot;:&quot;burger&quot;}\" data-widget_type=\"nav-menu.default\">\n\t\t\t\t<div class=\"elementor-widget-container\">\n\t\t\t<link rel=\"stylesheet\" href=\"https:\/\/devel1.wp.eduead.com.br\/wp-content\/plugins\/elementor-pro\/assets\/css\/widget-nav-menu.min.css?ver=1725545053\">\t\t\t<nav aria-label=\"Menu\" class=\"elementor-nav-menu--main elementor-nav-menu__container elementor-nav-menu--layout-horizontal e--pointer-none\">\n\t\t\t\t<ul id=\"menu-1-6ada0e\" class=\"elementor-nav-menu\"><li class=\"menu-item menu-item-type-post_type menu-item-object-page menu-item-678\"><a href=\"https:\/\/devel1.wp.eduead.com.br\/index.php\/quem-somos\/\" class=\"elementor-item\">Quem somos<\/a><\/li>\n<li class=\"menu-item menu-item-type-custom menu-item-object-custom menu-item-has-children menu-item-986\"><a href=\"#\" class=\"elementor-item elementor-item-anchor\">Servi\u00e7o<\/a>\n<ul class=\"sub-menu elementor-nav-menu--dropdown\">\n\t<li class=\"menu-item menu-item-type-post_type menu-item-object-page menu-item-695\"><a href=\"https:\/\/devel1.wp.eduead.com.br\/index.php\/hospedagem\/\" class=\"elementor-sub-item\">Hospedagem<\/a><\/li>\n\t<li class=\"menu-item menu-item-type-post_type menu-item-object-page menu-item-696\"><a href=\"https:\/\/devel1.wp.eduead.com.br\/index.php\/tv-corporativa\/\" class=\"elementor-sub-item\">TV Corporativa<\/a><\/li>\n\t<li class=\"menu-item menu-item-type-post_type menu-item-object-page menu-item-697\"><a href=\"https:\/\/devel1.wp.eduead.com.br\/index.php\/suporte\/\" class=\"elementor-sub-item\">Suporte<\/a><\/li>\n\t<li class=\"menu-item menu-item-type-post_type menu-item-object-page menu-item-698\"><a href=\"https:\/\/devel1.wp.eduead.com.br\/index.php\/webcoference\/\" class=\"elementor-sub-item\">Webcoference<\/a><\/li>\n<\/ul>\n<\/li>\n<li class=\"menu-item menu-item-type-post_type menu-item-object-page menu-item-1118\"><a href=\"https:\/\/devel1.wp.eduead.com.br\/index.php\/casesclients\/\" class=\"elementor-item\">Cases&#038;Clients<\/a><\/li>\n<li class=\"menu-item menu-item-type-post_type menu-item-object-page menu-item-681\"><a href=\"https:\/\/devel1.wp.eduead.com.br\/index.php\/noticias\/\" class=\"elementor-item\">Noticias<\/a><\/li>\n<li class=\"menu-item menu-item-type-post_type menu-item-object-page menu-item-682\"><a href=\"https:\/\/devel1.wp.eduead.com.br\/index.php\/contato\/\" class=\"elementor-item\">Contato<\/a><\/li>\n<\/ul>\t\t\t<\/nav>\n\t\t\t\t\t<div class=\"elementor-menu-toggle\" role=\"button\" tabindex=\"0\" aria-label=\"Menu Toggle\" aria-expanded=\"false\">\n\t\t\t<svg aria-hidden=\"true\" role=\"presentation\" class=\"elementor-menu-toggle__icon--open e-font-icon-svg e-eicon-menu-bar\" viewBox=\"0 0 1000 1000\" xmlns=\"http:\/\/www.w3.org\/2000\/svg\"><path d=\"M104 333H896C929 333 958 304 958 271S929 208 896 208H104C71 208 42 237 42 271S71 333 104 333ZM104 583H896C929 583 958 554 958 521S929 458 896 458H104C71 458 42 487 42 521S71 583 104 583ZM104 833H896C929 833 958 804 958 771S929 708 896 708H104C71 708 42 737 42 771S71 833 104 833Z\"><\/path><\/svg><svg aria-hidden=\"true\" role=\"presentation\" class=\"elementor-menu-toggle__icon--close e-font-icon-svg e-eicon-close\" viewBox=\"0 0 1000 1000\" xmlns=\"http:\/\/www.w3.org\/2000\/svg\"><path d=\"M742 167L500 408 258 167C246 154 233 150 217 150 196 150 179 158 167 167 154 179 150 196 150 212 150 229 154 242 171 254L408 500 167 742C138 771 138 800 167 829 196 858 225 858 254 829L496 587 738 829C750 842 767 846 783 846 800 846 817 842 829 829 842 817 846 804 846 783 846 767 842 750 829 737L588 500 833 258C863 229 863 200 833 171 804 137 775 137 742 167Z\"><\/path><\/svg>\t\t\t<span class=\"elementor-screen-only\">Menu<\/span>\n\t\t<\/div>\n\t\t\t\t\t<nav class=\"elementor-nav-menu--dropdown elementor-nav-menu__container\" aria-hidden=\"true\">\n\t\t\t\t<ul id=\"menu-2-6ada0e\" class=\"elementor-nav-menu\"><li class=\"menu-item menu-item-type-post_type menu-item-object-page menu-item-678\"><a href=\"https:\/\/devel1.wp.eduead.com.br\/index.php\/quem-somos\/\" class=\"elementor-item\" tabindex=\"-1\">Quem somos<\/a><\/li>\n<li class=\"menu-item menu-item-type-custom menu-item-object-custom menu-item-has-children menu-item-986\"><a href=\"#\" class=\"elementor-item elementor-item-anchor\" tabindex=\"-1\">Servi\u00e7o<\/a>\n<ul class=\"sub-menu elementor-nav-menu--dropdown\">\n\t<li class=\"menu-item menu-item-type-post_type menu-item-object-page menu-item-695\"><a href=\"https:\/\/devel1.wp.eduead.com.br\/index.php\/hospedagem\/\" class=\"elementor-sub-item\" tabindex=\"-1\">Hospedagem<\/a><\/li>\n\t<li class=\"menu-item menu-item-type-post_type menu-item-object-page menu-item-696\"><a href=\"https:\/\/devel1.wp.eduead.com.br\/index.php\/tv-corporativa\/\" class=\"elementor-sub-item\" tabindex=\"-1\">TV Corporativa<\/a><\/li>\n\t<li class=\"menu-item menu-item-type-post_type menu-item-object-page menu-item-697\"><a href=\"https:\/\/devel1.wp.eduead.com.br\/index.php\/suporte\/\" class=\"elementor-sub-item\" tabindex=\"-1\">Suporte<\/a><\/li>\n\t<li class=\"menu-item menu-item-type-post_type menu-item-object-page menu-item-698\"><a href=\"https:\/\/devel1.wp.eduead.com.br\/index.php\/webcoference\/\" class=\"elementor-sub-item\" tabindex=\"-1\">Webcoference<\/a><\/li>\n<\/ul>\n<\/li>\n<li class=\"menu-item menu-item-type-post_type menu-item-object-page menu-item-1118\"><a href=\"https:\/\/devel1.wp.eduead.com.br\/index.php\/casesclients\/\" class=\"elementor-item\" tabindex=\"-1\">Cases&#038;Clients<\/a><\/li>\n<li class=\"menu-item menu-item-type-post_type menu-item-object-page menu-item-681\"><a href=\"https:\/\/devel1.wp.eduead.com.br\/index.php\/noticias\/\" class=\"elementor-item\" tabindex=\"-1\">Noticias<\/a><\/li>\n<li class=\"menu-item menu-item-type-post_type menu-item-object-page menu-item-682\"><a href=\"https:\/\/devel1.wp.eduead.com.br\/index.php\/contato\/\" class=\"elementor-item\" tabindex=\"-1\">Contato<\/a><\/li>\n<\/ul>\t\t\t<\/nav>\n\t\t\t\t<\/div>\n\t\t\t\t<\/div>\n\t\t\t\t<\/div>\n\t\t\t\t\t<\/div>\n\t\t\t\t<\/div>\n\t\t<div class=\"elementor-element elementor-element-6bafd20 e-con-full e-flex e-con e-parent\" data-id=\"6bafd20\" data-element_type=\"container\" data-settings=\"{&quot;background_background&quot;:&quot;classic&quot;}\">\n\t\t\t\t<\/div>\n\t\t<div class=\"elementor-element elementor-element-229fe86 e-flex e-con-boxed e-con e-parent\" data-id=\"229fe86\" data-element_type=\"container\">\n\t\t\t\t\t<div class=\"e-con-inner\">\n\t\t<div class=\"elementor-element elementor-element-d91672b e-flex e-con-boxed e-con e-child\" data-id=\"d91672b\" data-element_type=\"container\">\n\t\t\t\t\t<div class=\"e-con-inner\">\n\t\t\t\t<div class=\"elementor-element elementor-element-84c05ba elementor-grid-1 elementor-grid-tablet-1 elementor-grid-mobile-1 elementor-posts--thumbnail-top elementor-posts--show-avatar elementor-card-shadow-yes elementor-posts__hover-gradient elementor-widget elementor-widget-posts\" data-id=\"84c05ba\" data-element_type=\"widget\" data-settings=\"{&quot;cards_columns&quot;:&quot;1&quot;,&quot;cards_columns_tablet&quot;:&quot;1&quot;,&quot;cards_columns_mobile&quot;:&quot;1&quot;,&quot;cards_row_gap&quot;:{&quot;unit&quot;:&quot;px&quot;,&quot;size&quot;:35,&quot;sizes&quot;:[]},&quot;cards_row_gap_tablet&quot;:{&quot;unit&quot;:&quot;px&quot;,&quot;size&quot;:&quot;&quot;,&quot;sizes&quot;:[]},&quot;cards_row_gap_mobile&quot;:{&quot;unit&quot;:&quot;px&quot;,&quot;size&quot;:&quot;&quot;,&quot;sizes&quot;:[]}}\" data-widget_type=\"posts.cards\">\n\t\t\t\t<div class=\"elementor-widget-container\">\n\t\t\t<link rel=\"stylesheet\" href=\"https:\/\/devel1.wp.eduead.com.br\/wp-content\/plugins\/elementor-pro\/assets\/css\/widget-posts.min.css?ver=1725545053\">\t\t<div class=\"elementor-posts-container elementor-posts elementor-posts--skin-cards elementor-grid\">\n\t\t\t\t<article class=\"elementor-post elementor-grid-item post-251 post type-post status-publish format-standard has-post-thumbnail hentry category-posts\">\n\t\t\t<div class=\"elementor-post__card\">\n\t\t\t\t<a class=\"elementor-post__thumbnail__link\" href=\"https:\/\/devel1.wp.eduead.com.br\/index.php\/2023\/11\/02\/elementor-251\/\" tabindex=\"-1\" ><div class=\"elementor-post__thumbnail\"><img decoding=\"async\" width=\"2560\" height=\"1707\" src=\"https:\/\/devel1.wp.eduead.com.br\/wp-content\/uploads\/2023\/11\/AdobeStock_52158784-scaled.jpeg\" class=\"attachment-full size-full wp-image-1323\" alt=\"\" srcset=\"https:\/\/devel1.wp.eduead.com.br\/wp-content\/uploads\/2023\/11\/AdobeStock_52158784-scaled.jpeg 2560w, https:\/\/devel1.wp.eduead.com.br\/wp-content\/uploads\/2023\/11\/AdobeStock_52158784-300x200.jpeg 300w, https:\/\/devel1.wp.eduead.com.br\/wp-content\/uploads\/2023\/11\/AdobeStock_52158784-1024x683.jpeg 1024w, https:\/\/devel1.wp.eduead.com.br\/wp-content\/uploads\/2023\/11\/AdobeStock_52158784-768x512.jpeg 768w, https:\/\/devel1.wp.eduead.com.br\/wp-content\/uploads\/2023\/11\/AdobeStock_52158784-1536x1024.jpeg 1536w, https:\/\/devel1.wp.eduead.com.br\/wp-content\/uploads\/2023\/11\/AdobeStock_52158784-2048x1365.jpeg 2048w\" sizes=\"(max-width: 2560px) 100vw, 2560px\" \/><\/div><\/a>\n\t\t\t\t<div class=\"elementor-post__badge\">posts<\/div>\n\t\t\t\t<div class=\"elementor-post__avatar\">\n\t\t\t<img alt='admin' src='https:\/\/secure.gravatar.com\/avatar\/e74956354b138688986e4575cc14f44c7b675e76772d8eeeaa1a6a046f696fe0?s=128&#038;d=mm&#038;r=g' srcset='https:\/\/secure.gravatar.com\/avatar\/e74956354b138688986e4575cc14f44c7b675e76772d8eeeaa1a6a046f696fe0?s=256&#038;d=mm&#038;r=g 2x' class='avatar avatar-128 photo' height='128' width='128' \/>\t\t<\/div>\n\t\t\t\t<div class=\"elementor-post__text\">\n\t\t\t\t<h3 class=\"elementor-post__title\">\n\t\t\t<a href=\"https:\/\/devel1.wp.eduead.com.br\/index.php\/2023\/11\/02\/elementor-251\/\" >\n\t\t\t\tTrabalhando juntos para fortalecer a educa\u00e7\u00e3o \u2013 nossa obriga\u00e7\u00e3o para com as gera\u00e7\u00f5es futurasTodos os posts\t\t\t<\/a>\n\t\t<\/h3>\n\t\t\t\t<div class=\"elementor-post__excerpt\">\n\t\t\t<p>Trabalhando juntos para fortalecer a educa\u00e7\u00e3o \u2013 nossa obriga\u00e7\u00e3o para com as gera\u00e7\u00f5es futuras Dia Internacional da Educa\u00e7\u00e3o 24 de janeiro de 2022 A educa\u00e7\u00e3o<\/p>\n\t\t<\/div>\n\t\t\n\t\t<a class=\"elementor-post__read-more\" href=\"https:\/\/devel1.wp.eduead.com.br\/index.php\/2023\/11\/02\/elementor-251\/\" aria-label=\"Read more about Trabalhando juntos para fortalecer a educa\u00e7\u00e3o \u2013 nossa obriga\u00e7\u00e3o para com as gera\u00e7\u00f5es futurasTodos os posts\" tabindex=\"-1\" >\n\t\t\tLeia mais\t\t<\/a>\n\n\t\t\t\t<\/div>\n\t\t\t\t<div class=\"elementor-post__meta-data\">\n\t\t\t\t\t<span class=\"elementor-post-date\">\n\t\t\tnovembro 2, 2023\t\t<\/span>\n\t\t\t\t<span class=\"elementor-post-avatar\">\n\t\t\tNenhum coment\u00e1rio\t\t<\/span>\n\t\t\t\t<\/div>\n\t\t\t\t\t<\/div>\n\t\t<\/article>\n\t\t\t\t<\/div>\n\t\t\n\t\t\t\t<\/div>\n\t\t\t\t<\/div>\n\t\t\t\t\t<\/div>\n\t\t\t\t<\/div>\n\t\t\t\t\t<\/div>\n\t\t\t\t<\/div>\n\t\t<div class=\"elementor-element elementor-element-26693f60 e-flex e-con-boxed e-con e-parent\" data-id=\"26693f60\" data-element_type=\"container\" data-settings=\"{&quot;background_background&quot;:&quot;classic&quot;}\">\n\t\t\t\t\t<div class=\"e-con-inner\">\n\t\t<div class=\"elementor-element elementor-element-625a6160 e-con-full e-flex e-con e-child\" data-id=\"625a6160\" data-element_type=\"container\">\n\t\t<div class=\"elementor-element elementor-element-6626148 e-con-full e-flex e-con e-child\" data-id=\"6626148\" data-element_type=\"container\">\n\t\t<div class=\"elementor-element elementor-element-3613b4d0 e-con-full e-flex e-con e-child\" data-id=\"3613b4d0\" data-element_type=\"container\">\n\t\t\t\t<div class=\"elementor-element elementor-element-451a2db3 elementor-widget__width-initial elementor-widget elementor-widget-text-editor\" data-id=\"451a2db3\" data-element_type=\"widget\" data-widget_type=\"text-editor.default\">\n\t\t\t\t<div class=\"elementor-widget-container\">\n\t\t\t<style>\/*! elementor - v3.23.0 - 05-08-2024 *\/\n.elementor-widget-text-editor.elementor-drop-cap-view-stacked .elementor-drop-cap{background-color:#69727d;color:#fff}.elementor-widget-text-editor.elementor-drop-cap-view-framed .elementor-drop-cap{color:#69727d;border:3px solid;background-color:transparent}.elementor-widget-text-editor:not(.elementor-drop-cap-view-default) .elementor-drop-cap{margin-top:8px}.elementor-widget-text-editor:not(.elementor-drop-cap-view-default) .elementor-drop-cap-letter{width:1em;height:1em}.elementor-widget-text-editor .elementor-drop-cap{float:left;text-align:center;line-height:1;font-size:50px}.elementor-widget-text-editor .elementor-drop-cap-letter{display:inline-block}<\/style>\t\t\t\t<p class=\"font_8 wixui-rich-text__text\"><span class=\"wixui-rich-text__text\">Rua Samuel Morse, 74 &#8211; Conjuntos 43\/44 &#8211; 4\u00ba andar <\/span><span class=\"wixui-rich-text__text\">Brooklin &#8211; S\u00e3o Paulo &#8211; SP | CEP 04576-060<\/span><\/p><p>Tel. 11-5105-8520<\/p><p>Email:\u00a0contato@eduead.com.br<\/p>\t\t\t\t\t\t<\/div>\n\t\t\t\t<\/div>\n\t\t\t\t<\/div>\n\t\t\t\t<div class=\"elementor-element elementor-element-63a42dbc elementor-widget elementor-widget-heading\" data-id=\"63a42dbc\" data-element_type=\"widget\" data-widget_type=\"heading.default\">\n\t\t\t\t<div class=\"elementor-widget-container\">\n\t\t\t<style>\/*! elementor - v3.23.0 - 05-08-2024 *\/\n.elementor-heading-title{padding:0;margin:0;line-height:1}.elementor-widget-heading .elementor-heading-title[class*=elementor-size-]>a{color:inherit;font-size:inherit;line-height:inherit}.elementor-widget-heading .elementor-heading-title.elementor-size-small{font-size:15px}.elementor-widget-heading .elementor-heading-title.elementor-size-medium{font-size:19px}.elementor-widget-heading .elementor-heading-title.elementor-size-large{font-size:29px}.elementor-widget-heading .elementor-heading-title.elementor-size-xl{font-size:39px}.elementor-widget-heading .elementor-heading-title.elementor-size-xxl{font-size:59px}<\/style><span class=\"elementor-heading-title elementor-size-default\">\u00a9 2002\/2022 by Directprovider<\/span>\t\t<\/div>\n\t\t\t\t<\/div>\n\t\t\t\t<\/div>\n\t\t\t\t<\/div>\n\t\t\t\t\t<\/div>\n\t\t\t\t<\/div>\n\t\t\t\t<\/div>\n\t\t","protected":false},"excerpt":{"rendered":"<p>Rua Samuel Morse, 74 &#8211; Conjuntos 43\/44 &#8211; 4\u00ba andar Brooklin &#8211; S\u00e3o Paulo &#8211; SP | CEP 04576-060 Tel. 11-5105-8520 Email:\u00a0contato@eduead.com.br \u00a9 2002\/2022 by Directprovider<\/p>\n","protected":false},"author":2,"featured_media":0,"parent":0,"menu_order":0,"comment_status":"closed","ping_status":"closed","template":"elementor_canvas","meta":{"inline_featured_image":false,"_kad_post_transparent":"","_kad_post_title":"","_kad_post_layout":"","_kad_post_sidebar_id":"","_kad_post_content_style":"","_kad_post_vertical_padding":"","_kad_post_feature":"","_kad_post_feature_position":"","_kad_post_header":false,"_kad_post_footer":false,"footnotes":""},"class_list":["post-36","page","type-page","status-publish","hentry"],"_links":{"self":[{"href":"https:\/\/devel1.wp.eduead.com.br\/index.php\/wp-json\/wp\/v2\/pages\/36","targetHints":{"allow":["GET"]}}],"collection":[{"href":"https:\/\/devel1.wp.eduead.com.br\/index.php\/wp-json\/wp\/v2\/pages"}],"about":[{"href":"https:\/\/devel1.wp.eduead.com.br\/index.php\/wp-json\/wp\/v2\/types\/page"}],"author":[{"embeddable":true,"href":"https:\/\/devel1.wp.eduead.com.br\/index.php\/wp-json\/wp\/v2\/users\/2"}],"replies":[{"embeddable":true,"href":"https:\/\/devel1.wp.eduead.com.br\/index.php\/wp-json\/wp\/v2\/comments?post=36"}],"version-history":[{"count":143,"href":"https:\/\/devel1.wp.eduead.com.br\/index.php\/wp-json\/wp\/v2\/pages\/36\/revisions"}],"predecessor-version":[{"id":1391,"href":"https:\/\/devel1.wp.eduead.com.br\/index.php\/wp-json\/wp\/v2\/pages\/36\/revisions\/1391"}],"wp:attachment":[{"href":"https:\/\/devel1.wp.eduead.com.br\/index.php\/wp-json\/wp\/v2\/media?parent=36"}],"curies":[{"name":"wp","href":"https:\/\/api.w.org\/{rel}","templated":true}]}}