{"id":421,"date":"2023-11-06T00:13:29","date_gmt":"2023-11-06T00:13:29","guid":{"rendered":"https:\/\/devel1.wp.eduead.com.br\/?page_id=421"},"modified":"2024-09-13T11:30:05","modified_gmt":"2024-09-13T11:30:05","slug":"suporte","status":"publish","type":"page","link":"https:\/\/devel1.wp.eduead.com.br\/index.php\/suporte\/","title":{"rendered":"Suporte"},"content":{"rendered":"\t\t<div data-elementor-type=\"wp-page\" data-elementor-id=\"421\" class=\"elementor elementor-421\" data-elementor-post-type=\"page\">\n\t\t\t\t<div class=\"elementor-element elementor-element-2ff9190e e-flex e-con-boxed e-con e-parent\" data-id=\"2ff9190e\" data-element_type=\"container\" data-settings=\"{&quot;animation&quot;:&quot;none&quot;}\">\n\t\t\t\t\t<div class=\"e-con-inner\">\n\t\t<div class=\"elementor-element elementor-element-2c5c278d e-con-full e-flex e-con e-child\" data-id=\"2c5c278d\" data-element_type=\"container\">\n\t\t\t\t<div class=\"elementor-element elementor-element-67287d08 elementor-widget elementor-widget-image\" data-id=\"67287d08\" data-element_type=\"widget\" data-widget_type=\"image.default\">\n\t\t\t\t<div class=\"elementor-widget-container\">\n\t\t\t<style>\/*! elementor - v3.23.0 - 05-08-2024 *\/\n.elementor-widget-image{text-align:center}.elementor-widget-image a{display:inline-block}.elementor-widget-image a img[src$=\".svg\"]{width:48px}.elementor-widget-image img{vertical-align:middle;display:inline-block}<\/style>\t\t\t\t\t\t\t\t\t\t\t<a href=\"https:\/\/devel1.wp.eduead.com.br\/index.php\/home-2\/\">\n\t\t\t\t\t\t\t<img fetchpriority=\"high\" decoding=\"async\" width=\"895\" height=\"99\" src=\"https:\/\/devel1.wp.eduead.com.br\/wp-content\/uploads\/2024\/09\/Logo-DIRECTPROVIDER-vetorizado-1.svg\" class=\"attachment-full size-full wp-image-901\" alt=\"\" \/>\t\t\t\t\t\t\t\t<\/a>\n\t\t\t\t\t\t\t\t\t\t\t\t\t<\/div>\n\t\t\t\t<\/div>\n\t\t\t\t<\/div>\n\t\t<div class=\"elementor-element elementor-element-3a2fdf3d e-con-full e-flex e-con e-child\" data-id=\"3a2fdf3d\" data-element_type=\"container\">\n\t\t\t\t<div class=\"elementor-element elementor-element-2adfd22f elementor-widget__width-inherit elementor-nav-menu__align-center elementor-nav-menu--stretch elementor-nav-menu__text-align-center elementor-nav-menu--dropdown-tablet elementor-nav-menu--toggle elementor-nav-menu--burger elementor-widget elementor-widget-nav-menu\" data-id=\"2adfd22f\" data-element_type=\"widget\" data-settings=\"{&quot;submenu_icon&quot;:{&quot;value&quot;:&quot;&lt;i class=\\&quot;\\&quot;&gt;&lt;\\\/i&gt;&quot;,&quot;library&quot;:&quot;&quot;},&quot;full_width&quot;:&quot;stretch&quot;,&quot;layout&quot;:&quot;horizontal&quot;,&quot;toggle&quot;:&quot;burger&quot;}\" data-widget_type=\"nav-menu.default\">\n\t\t\t\t<div class=\"elementor-widget-container\">\n\t\t\t<link rel=\"stylesheet\" href=\"https:\/\/devel1.wp.eduead.com.br\/wp-content\/plugins\/elementor-pro\/assets\/css\/widget-nav-menu.min.css?ver=1725545053\">\t\t\t<nav aria-label=\"Menu\" class=\"elementor-nav-menu--main elementor-nav-menu__container elementor-nav-menu--layout-horizontal e--pointer-none\">\n\t\t\t\t<ul id=\"menu-1-2adfd22f\" class=\"elementor-nav-menu\"><li class=\"menu-item menu-item-type-post_type menu-item-object-page menu-item-678\"><a href=\"https:\/\/devel1.wp.eduead.com.br\/index.php\/quem-somos\/\" class=\"elementor-item\">Quem somos<\/a><\/li>\n<li class=\"menu-item menu-item-type-custom menu-item-object-custom menu-item-has-children menu-item-986\"><a href=\"#\" class=\"elementor-item elementor-item-anchor\">Servi\u00e7o<\/a>\n<ul class=\"sub-menu elementor-nav-menu--dropdown\">\n\t<li class=\"menu-item menu-item-type-post_type menu-item-object-page menu-item-695\"><a href=\"https:\/\/devel1.wp.eduead.com.br\/index.php\/hospedagem\/\" class=\"elementor-sub-item\">Hospedagem<\/a><\/li>\n\t<li class=\"menu-item menu-item-type-post_type menu-item-object-page menu-item-696\"><a href=\"https:\/\/devel1.wp.eduead.com.br\/index.php\/tv-corporativa\/\" class=\"elementor-sub-item\">TV Corporativa<\/a><\/li>\n\t<li class=\"menu-item menu-item-type-post_type menu-item-object-page menu-item-697\"><a href=\"https:\/\/devel1.wp.eduead.com.br\/index.php\/suporte\/\" class=\"elementor-sub-item\">Suporte<\/a><\/li>\n\t<li class=\"menu-item menu-item-type-post_type menu-item-object-page menu-item-698\"><a href=\"https:\/\/devel1.wp.eduead.com.br\/index.php\/webcoference\/\" class=\"elementor-sub-item\">Webcoference<\/a><\/li>\n<\/ul>\n<\/li>\n<li class=\"menu-item menu-item-type-post_type menu-item-object-page menu-item-1118\"><a href=\"https:\/\/devel1.wp.eduead.com.br\/index.php\/casesclients\/\" class=\"elementor-item\">Cases&#038;Clients<\/a><\/li>\n<li class=\"menu-item menu-item-type-post_type menu-item-object-page menu-item-681\"><a href=\"https:\/\/devel1.wp.eduead.com.br\/index.php\/noticias\/\" class=\"elementor-item\">Noticias<\/a><\/li>\n<li class=\"menu-item menu-item-type-post_type menu-item-object-page menu-item-682\"><a href=\"https:\/\/devel1.wp.eduead.com.br\/index.php\/contato\/\" class=\"elementor-item\">Contato<\/a><\/li>\n<\/ul>\t\t\t<\/nav>\n\t\t\t\t\t<div class=\"elementor-menu-toggle\" role=\"button\" tabindex=\"0\" aria-label=\"Menu Toggle\" aria-expanded=\"false\">\n\t\t\t<svg aria-hidden=\"true\" role=\"presentation\" class=\"elementor-menu-toggle__icon--open e-font-icon-svg e-eicon-menu-bar\" viewBox=\"0 0 1000 1000\" xmlns=\"http:\/\/www.w3.org\/2000\/svg\"><path d=\"M104 333H896C929 333 958 304 958 271S929 208 896 208H104C71 208 42 237 42 271S71 333 104 333ZM104 583H896C929 583 958 554 958 521S929 458 896 458H104C71 458 42 487 42 521S71 583 104 583ZM104 833H896C929 833 958 804 958 771S929 708 896 708H104C71 708 42 737 42 771S71 833 104 833Z\"><\/path><\/svg><svg aria-hidden=\"true\" role=\"presentation\" class=\"elementor-menu-toggle__icon--close e-font-icon-svg e-eicon-close\" viewBox=\"0 0 1000 1000\" xmlns=\"http:\/\/www.w3.org\/2000\/svg\"><path d=\"M742 167L500 408 258 167C246 154 233 150 217 150 196 150 179 158 167 167 154 179 150 196 150 212 150 229 154 242 171 254L408 500 167 742C138 771 138 800 167 829 196 858 225 858 254 829L496 587 738 829C750 842 767 846 783 846 800 846 817 842 829 829 842 817 846 804 846 783 846 767 842 750 829 737L588 500 833 258C863 229 863 200 833 171 804 137 775 137 742 167Z\"><\/path><\/svg>\t\t\t<span class=\"elementor-screen-only\">Menu<\/span>\n\t\t<\/div>\n\t\t\t\t\t<nav class=\"elementor-nav-menu--dropdown elementor-nav-menu__container\" aria-hidden=\"true\">\n\t\t\t\t<ul id=\"menu-2-2adfd22f\" class=\"elementor-nav-menu\"><li class=\"menu-item menu-item-type-post_type menu-item-object-page menu-item-678\"><a href=\"https:\/\/devel1.wp.eduead.com.br\/index.php\/quem-somos\/\" class=\"elementor-item\" tabindex=\"-1\">Quem somos<\/a><\/li>\n<li class=\"menu-item menu-item-type-custom menu-item-object-custom menu-item-has-children menu-item-986\"><a href=\"#\" class=\"elementor-item elementor-item-anchor\" tabindex=\"-1\">Servi\u00e7o<\/a>\n<ul class=\"sub-menu elementor-nav-menu--dropdown\">\n\t<li class=\"menu-item menu-item-type-post_type menu-item-object-page menu-item-695\"><a href=\"https:\/\/devel1.wp.eduead.com.br\/index.php\/hospedagem\/\" class=\"elementor-sub-item\" tabindex=\"-1\">Hospedagem<\/a><\/li>\n\t<li class=\"menu-item menu-item-type-post_type menu-item-object-page menu-item-696\"><a href=\"https:\/\/devel1.wp.eduead.com.br\/index.php\/tv-corporativa\/\" class=\"elementor-sub-item\" tabindex=\"-1\">TV Corporativa<\/a><\/li>\n\t<li class=\"menu-item menu-item-type-post_type menu-item-object-page menu-item-697\"><a href=\"https:\/\/devel1.wp.eduead.com.br\/index.php\/suporte\/\" class=\"elementor-sub-item\" tabindex=\"-1\">Suporte<\/a><\/li>\n\t<li class=\"menu-item menu-item-type-post_type menu-item-object-page menu-item-698\"><a href=\"https:\/\/devel1.wp.eduead.com.br\/index.php\/webcoference\/\" class=\"elementor-sub-item\" tabindex=\"-1\">Webcoference<\/a><\/li>\n<\/ul>\n<\/li>\n<li class=\"menu-item menu-item-type-post_type menu-item-object-page menu-item-1118\"><a href=\"https:\/\/devel1.wp.eduead.com.br\/index.php\/casesclients\/\" class=\"elementor-item\" tabindex=\"-1\">Cases&#038;Clients<\/a><\/li>\n<li class=\"menu-item menu-item-type-post_type menu-item-object-page menu-item-681\"><a href=\"https:\/\/devel1.wp.eduead.com.br\/index.php\/noticias\/\" class=\"elementor-item\" tabindex=\"-1\">Noticias<\/a><\/li>\n<li class=\"menu-item menu-item-type-post_type menu-item-object-page menu-item-682\"><a href=\"https:\/\/devel1.wp.eduead.com.br\/index.php\/contato\/\" class=\"elementor-item\" tabindex=\"-1\">Contato<\/a><\/li>\n<\/ul>\t\t\t<\/nav>\n\t\t\t\t<\/div>\n\t\t\t\t<\/div>\n\t\t\t\t<\/div>\n\t\t\t\t\t<\/div>\n\t\t\t\t<\/div>\n\t\t<div class=\"elementor-element elementor-element-334e8ef e-flex e-con-boxed e-con e-parent\" data-id=\"334e8ef\" data-element_type=\"container\" data-settings=\"{&quot;background_background&quot;:&quot;classic&quot;}\">\n\t\t\t\t\t<div class=\"e-con-inner\">\n\t\t\t\t\t<\/div>\n\t\t\t\t<\/div>\n\t\t<div class=\"elementor-element elementor-element-a74b5a6 e-flex e-con-boxed e-con e-parent\" data-id=\"a74b5a6\" data-element_type=\"container\">\n\t\t\t\t\t<div class=\"e-con-inner\">\n\t\t<div class=\"elementor-element elementor-element-e3c5354 e-flex e-con-boxed e-con e-child\" data-id=\"e3c5354\" data-element_type=\"container\">\n\t\t\t\t\t<div class=\"e-con-inner\">\n\t\t<div class=\"elementor-element elementor-element-5ff2a37 e-flex e-con-boxed e-con e-child\" data-id=\"5ff2a37\" data-element_type=\"container\">\n\t\t\t\t\t<div class=\"e-con-inner\">\n\t\t\t\t<div class=\"elementor-element elementor-element-fa5a314 elementor-widget elementor-widget-heading\" data-id=\"fa5a314\" data-element_type=\"widget\" data-widget_type=\"heading.default\">\n\t\t\t\t<div class=\"elementor-widget-container\">\n\t\t\t<style>\/*! elementor - v3.23.0 - 05-08-2024 *\/\n.elementor-heading-title{padding:0;margin:0;line-height:1}.elementor-widget-heading .elementor-heading-title[class*=elementor-size-]>a{color:inherit;font-size:inherit;line-height:inherit}.elementor-widget-heading .elementor-heading-title.elementor-size-small{font-size:15px}.elementor-widget-heading .elementor-heading-title.elementor-size-medium{font-size:19px}.elementor-widget-heading .elementor-heading-title.elementor-size-large{font-size:29px}.elementor-widget-heading .elementor-heading-title.elementor-size-xl{font-size:39px}.elementor-widget-heading .elementor-heading-title.elementor-size-xxl{font-size:59px}<\/style><h5 class=\"elementor-heading-title elementor-size-default\">\nPlataforma de Atendimento e Suporte T\u00e9cnico 24 horas<\/h5>\t\t<\/div>\n\t\t\t\t<\/div>\n\t\t\t\t<div class=\"elementor-element elementor-element-e6e7aa8 elementor-widget elementor-widget-heading\" data-id=\"e6e7aa8\" data-element_type=\"widget\" data-widget_type=\"heading.default\">\n\t\t\t\t<div class=\"elementor-widget-container\">\n\t\t\t<p class=\"elementor-heading-title elementor-size-default\">Novo conceito de atendimento<\/p>\t\t<\/div>\n\t\t\t\t<\/div>\n\t\t\t\t\t<\/div>\n\t\t\t\t<\/div>\n\t\t\t\t<div class=\"elementor-element elementor-element-05c5142 elementor-widget elementor-widget-image\" data-id=\"05c5142\" data-element_type=\"widget\" data-widget_type=\"image.default\">\n\t\t\t\t<div class=\"elementor-widget-container\">\n\t\t\t\t\t\t\t\t\t\t\t\t\t<img decoding=\"async\" width=\"7276\" height=\"2028\" src=\"https:\/\/devel1.wp.eduead.com.br\/wp-content\/uploads\/2024\/09\/site_support.svg\" class=\"attachment-full size-full wp-image-1042\" alt=\"\" \/>\t\t\t\t\t\t\t\t\t\t\t\t\t<\/div>\n\t\t\t\t<\/div>\n\t\t<div class=\"elementor-element elementor-element-ecfe47d e-flex e-con-boxed e-con e-child\" data-id=\"ecfe47d\" data-element_type=\"container\">\n\t\t\t\t\t<div class=\"e-con-inner\">\n\t\t<div class=\"elementor-element elementor-element-447bbf4 e-con-full e-flex e-con e-child\" data-id=\"447bbf4\" data-element_type=\"container\" data-settings=\"{&quot;animation&quot;:&quot;none&quot;,&quot;background_background&quot;:&quot;classic&quot;}\">\n\t\t\t\t<div class=\"elementor-element elementor-element-be06162 elementor-widget elementor-widget-heading\" data-id=\"be06162\" data-element_type=\"widget\" data-widget_type=\"heading.default\">\n\t\t\t\t<div class=\"elementor-widget-container\">\n\t\t\t<h4 class=\"elementor-heading-title elementor-size-default\">DISPONIBILIZE PARA SEUS CLIENTES:<\/h4>\t\t<\/div>\n\t\t\t\t<\/div>\n\t\t\t\t<div class=\"elementor-element elementor-element-855354f elementor-widget elementor-widget-heading\" data-id=\"855354f\" data-element_type=\"widget\" data-widget_type=\"heading.default\">\n\t\t\t\t<div class=\"elementor-widget-container\">\n\t\t\t<p class=\"elementor-heading-title elementor-size-default\">MANUAIS, TUTORIAIS, V\u00cdDEOS, \u00c1UDIOS E FOTOS<\/p>\t\t<\/div>\n\t\t\t\t<\/div>\n\t\t\t\t<\/div>\n\t\t\t\t\t<\/div>\n\t\t\t\t<\/div>\n\t\t<div class=\"elementor-element elementor-element-36d1602 e-flex e-con-boxed e-con e-child\" data-id=\"36d1602\" data-element_type=\"container\">\n\t\t\t\t\t<div class=\"e-con-inner\">\n\t\t<div class=\"elementor-element elementor-element-8e2c026 e-con-full e-flex e-con e-child\" data-id=\"8e2c026\" data-element_type=\"container\">\n\t\t\t\t<div class=\"elementor-element elementor-element-dd4348c elementor-widget elementor-widget-image\" data-id=\"dd4348c\" data-element_type=\"widget\" data-widget_type=\"image.default\">\n\t\t\t\t<div class=\"elementor-widget-container\">\n\t\t\t\t\t\t\t\t\t\t\t\t\t<img decoding=\"async\" width=\"253\" height=\"253\" src=\"https:\/\/devel1.wp.eduead.com.br\/wp-content\/uploads\/2024\/09\/suporte.svg\" class=\"attachment-full size-full wp-image-906\" alt=\"\" \/>\t\t\t\t\t\t\t\t\t\t\t\t\t<\/div>\n\t\t\t\t<\/div>\n\t\t\t\t<\/div>\n\t\t<div class=\"elementor-element elementor-element-fe727f5 e-con-full e-flex e-con e-child\" data-id=\"fe727f5\" data-element_type=\"container\">\n\t\t\t\t<div class=\"elementor-element elementor-element-51180ee elementor-widget elementor-widget-heading\" data-id=\"51180ee\" data-element_type=\"widget\" data-widget_type=\"heading.default\">\n\t\t\t\t<div class=\"elementor-widget-container\">\n\t\t\t<h5 class=\"elementor-heading-title elementor-size-default\">LOW COST<\/h5>\t\t<\/div>\n\t\t\t\t<\/div>\n\t\t\t\t<div class=\"elementor-element elementor-element-fd06d4a elementor-widget elementor-widget-heading\" data-id=\"fd06d4a\" data-element_type=\"widget\" data-widget_type=\"heading.default\">\n\t\t\t\t<div class=\"elementor-widget-container\">\n\t\t\t<p class=\"elementor-heading-title elementor-size-default\">\u00c9 poss\u00edvel trabalhar a custo baixo usando essa plataforma, no departamento de suporte da empresa, ao substituir parte do atendimento por E-mails, WhatsApp, telefone e outros meios, de custos elevados. Os clientes podem acessar a plataforma 24 horas e a empresa disponibiliza conte\u00fados de suporte t\u00e9cnico que ensinam, orientam, treinam, interagem a operar com os sistemas e produtos da empresa. Disponibiliza\u00e7\u00e3o de acesso ainda para filiais, franqueados, representantes, afiliados e consultores.<\/p>\t\t<\/div>\n\t\t\t\t<\/div>\n\t\t\t\t<\/div>\n\t\t\t\t\t<\/div>\n\t\t\t\t<\/div>\n\t\t<div class=\"elementor-element elementor-element-949ba62 e-flex e-con-boxed e-con e-child\" data-id=\"949ba62\" data-element_type=\"container\">\n\t\t\t\t\t<div class=\"e-con-inner\">\n\t\t<div class=\"elementor-element elementor-element-810a592 e-con-full e-flex e-con e-child\" data-id=\"810a592\" data-element_type=\"container\">\n\t\t\t\t<div class=\"elementor-element elementor-element-c7cf19a elementor-widget elementor-widget-image\" data-id=\"c7cf19a\" data-element_type=\"widget\" data-widget_type=\"image.default\">\n\t\t\t\t<div class=\"elementor-widget-container\">\n\t\t\t\t\t\t\t\t\t\t\t\t\t<img loading=\"lazy\" decoding=\"async\" width=\"252\" height=\"252\" src=\"https:\/\/devel1.wp.eduead.com.br\/wp-content\/uploads\/2024\/09\/atualizacao.svg\" class=\"attachment-full size-full wp-image-917\" alt=\"\" \/>\t\t\t\t\t\t\t\t\t\t\t\t\t<\/div>\n\t\t\t\t<\/div>\n\t\t\t\t<\/div>\n\t\t<div class=\"elementor-element elementor-element-10ff46a e-con-full e-flex e-con e-child\" data-id=\"10ff46a\" data-element_type=\"container\">\n\t\t\t\t<div class=\"elementor-element elementor-element-f22b704 elementor-widget elementor-widget-heading\" data-id=\"f22b704\" data-element_type=\"widget\" data-widget_type=\"heading.default\">\n\t\t\t\t<div class=\"elementor-widget-container\">\n\t\t\t<h5 class=\"elementor-heading-title elementor-size-default\">SISTEMAS<\/h5>\t\t<\/div>\n\t\t\t\t<\/div>\n\t\t\t\t<div class=\"elementor-element elementor-element-f70b242 elementor-widget elementor-widget-heading\" data-id=\"f70b242\" data-element_type=\"widget\" data-widget_type=\"heading.default\">\n\t\t\t\t<div class=\"elementor-widget-container\">\n\t\t\t<p class=\"elementor-heading-title elementor-size-default\">Opera\u00e7\u00f5es sistemas de softwares como: ERP, contabilidade, estoque, atendimento, entre outros, podem ser facilmente solucionadas usando essa plataforma.<\/p>\t\t<\/div>\n\t\t\t\t<\/div>\n\t\t\t\t<\/div>\n\t\t\t\t\t<\/div>\n\t\t\t\t<\/div>\n\t\t<div class=\"elementor-element elementor-element-d47465e e-flex e-con-boxed e-con e-child\" data-id=\"d47465e\" data-element_type=\"container\">\n\t\t\t\t\t<div class=\"e-con-inner\">\n\t\t<div class=\"elementor-element elementor-element-686446f e-con-full e-flex e-con e-child\" data-id=\"686446f\" data-element_type=\"container\">\n\t\t\t\t<div class=\"elementor-element elementor-element-fe499c8 elementor-widget elementor-widget-image\" data-id=\"fe499c8\" data-element_type=\"widget\" data-widget_type=\"image.default\">\n\t\t\t\t<div class=\"elementor-widget-container\">\n\t\t\t\t\t\t\t\t\t\t\t\t\t<img loading=\"lazy\" decoding=\"async\" width=\"44\" height=\"44\" src=\"https:\/\/devel1.wp.eduead.com.br\/wp-content\/uploads\/2024\/09\/lowcost.svg\" class=\"attachment-full size-full wp-image-1047\" alt=\"\" \/>\t\t\t\t\t\t\t\t\t\t\t\t\t<\/div>\n\t\t\t\t<\/div>\n\t\t\t\t<\/div>\n\t\t<div class=\"elementor-element elementor-element-95a6e00 e-con-full e-flex e-con e-child\" data-id=\"95a6e00\" data-element_type=\"container\">\n\t\t\t\t<div class=\"elementor-element elementor-element-825491d elementor-widget elementor-widget-heading\" data-id=\"825491d\" data-element_type=\"widget\" data-widget_type=\"heading.default\">\n\t\t\t\t<div class=\"elementor-widget-container\">\n\t\t\t<h5 class=\"elementor-heading-title elementor-size-default\">SEUS PRODUTOS<\/h5>\t\t<\/div>\n\t\t\t\t<\/div>\n\t\t\t\t<div class=\"elementor-element elementor-element-5adcc29 elementor-widget elementor-widget-heading\" data-id=\"5adcc29\" data-element_type=\"widget\" data-widget_type=\"heading.default\">\n\t\t\t\t<div class=\"elementor-widget-container\">\n\t\t\t<p class=\"elementor-heading-title elementor-size-default\">Instala\u00e7\u00f5es, opera\u00e7\u00e3o e manuten\u00e7\u00e3o de equipamentos diversos.<\/p>\t\t<\/div>\n\t\t\t\t<\/div>\n\t\t\t\t<\/div>\n\t\t\t\t\t<\/div>\n\t\t\t\t<\/div>\n\t\t<div class=\"elementor-element elementor-element-7eb3490 e-con-full e-flex e-con e-child\" data-id=\"7eb3490\" data-element_type=\"container\">\n\t\t<div class=\"elementor-element elementor-element-2161dbe e-con-full e-flex e-con e-child\" data-id=\"2161dbe\" data-element_type=\"container\" data-settings=\"{&quot;background_background&quot;:&quot;classic&quot;}\">\n\t\t<div class=\"elementor-element elementor-element-8a2a29a e-con-full e-flex e-con e-child\" data-id=\"8a2a29a\" data-element_type=\"container\">\n\t\t\t\t<div class=\"elementor-element elementor-element-48cd4fc elementor-widget elementor-widget-heading\" data-id=\"48cd4fc\" data-element_type=\"widget\" data-widget_type=\"heading.default\">\n\t\t\t\t<div class=\"elementor-widget-container\">\n\t\t\t<h5 class=\"elementor-heading-title elementor-size-default\">\nCONTRATE<\/h5>\t\t<\/div>\n\t\t\t\t<\/div>\n\t\t\t\t<div class=\"elementor-element elementor-element-440b510 elementor-widget__width-initial elementor-widget elementor-widget-heading\" data-id=\"440b510\" data-element_type=\"widget\" data-widget_type=\"heading.default\">\n\t\t\t\t<div class=\"elementor-widget-container\">\n\t\t\t<h5 class=\"elementor-heading-title elementor-size-default\">Entre em contato com nossa equipe comercial\ne contrate o DW Tech<\/h5>\t\t<\/div>\n\t\t\t\t<\/div>\n\t\t\t\t<\/div>\n\t\t<div class=\"elementor-element elementor-element-5cbea2a e-flex e-con-boxed e-con e-child\" data-id=\"5cbea2a\" data-element_type=\"container\">\n\t\t\t\t\t<div class=\"e-con-inner\">\n\t\t\t\t<div class=\"elementor-element elementor-element-d1a93f9 elementor-widget elementor-widget-button\" data-id=\"d1a93f9\" data-element_type=\"widget\" data-widget_type=\"button.default\">\n\t\t\t\t<div class=\"elementor-widget-container\">\n\t\t\t\t\t<div class=\"elementor-button-wrapper\">\n\t\t\t<a class=\"elementor-button elementor-button-link elementor-size-sm\" href=\"https:\/\/devel1.wp.eduead.com.br\/index.php\/contato\/\">\n\t\t\t\t\t\t<span class=\"elementor-button-content-wrapper\">\n\t\t\t\t\t\t\t\t\t<span class=\"elementor-button-text\">Contratar<\/span>\n\t\t\t\t\t<\/span>\n\t\t\t\t\t<\/a>\n\t\t<\/div>\n\t\t\t\t<\/div>\n\t\t\t\t<\/div>\n\t\t\t\t\t<\/div>\n\t\t\t\t<\/div>\n\t\t\t\t<\/div>\n\t\t\t\t<\/div>\n\t\t\t\t\t<\/div>\n\t\t\t\t<\/div>\n\t\t\t\t\t<\/div>\n\t\t\t\t<\/div>\n\t\t<div class=\"elementor-element elementor-element-60f02863 e-flex e-con-boxed e-con e-parent\" data-id=\"60f02863\" data-element_type=\"container\" data-settings=\"{&quot;background_background&quot;:&quot;classic&quot;}\">\n\t\t\t\t\t<div class=\"e-con-inner\">\n\t\t<div class=\"elementor-element elementor-element-17126f22 e-con-full e-flex e-con e-child\" data-id=\"17126f22\" data-element_type=\"container\">\n\t\t<div class=\"elementor-element elementor-element-ce25008 e-con-full e-flex e-con e-child\" data-id=\"ce25008\" data-element_type=\"container\">\n\t\t<div class=\"elementor-element elementor-element-263ee51 e-con-full e-flex e-con e-child\" data-id=\"263ee51\" data-element_type=\"container\">\n\t\t\t\t<div class=\"elementor-element elementor-element-2e8623b1 elementor-widget__width-initial elementor-widget elementor-widget-text-editor\" data-id=\"2e8623b1\" data-element_type=\"widget\" data-widget_type=\"text-editor.default\">\n\t\t\t\t<div class=\"elementor-widget-container\">\n\t\t\t<style>\/*! elementor - v3.23.0 - 05-08-2024 *\/\n.elementor-widget-text-editor.elementor-drop-cap-view-stacked .elementor-drop-cap{background-color:#69727d;color:#fff}.elementor-widget-text-editor.elementor-drop-cap-view-framed .elementor-drop-cap{color:#69727d;border:3px solid;background-color:transparent}.elementor-widget-text-editor:not(.elementor-drop-cap-view-default) .elementor-drop-cap{margin-top:8px}.elementor-widget-text-editor:not(.elementor-drop-cap-view-default) .elementor-drop-cap-letter{width:1em;height:1em}.elementor-widget-text-editor .elementor-drop-cap{float:left;text-align:center;line-height:1;font-size:50px}.elementor-widget-text-editor .elementor-drop-cap-letter{display:inline-block}<\/style>\t\t\t\t<p class=\"font_8 wixui-rich-text__text\"><span class=\"wixui-rich-text__text\">Rua Samuel Morse, 74 &#8211; Conjuntos 43\/44 &#8211; 4\u00ba andar <\/span><span class=\"wixui-rich-text__text\">Brooklin &#8211; S\u00e3o Paulo &#8211; SP | CEP 04576-060<\/span><\/p><p>Tel. 11-5105-8520<\/p><p>Email:\u00a0contato@eduead.com.br<\/p>\t\t\t\t\t\t<\/div>\n\t\t\t\t<\/div>\n\t\t\t\t<\/div>\n\t\t\t\t<div class=\"elementor-element elementor-element-d030713 elementor-widget elementor-widget-heading\" data-id=\"d030713\" data-element_type=\"widget\" data-widget_type=\"heading.default\">\n\t\t\t\t<div class=\"elementor-widget-container\">\n\t\t\t<span class=\"elementor-heading-title elementor-size-default\">\u00a9 2002\/2022 by Directprovider<\/span>\t\t<\/div>\n\t\t\t\t<\/div>\n\t\t\t\t<\/div>\n\t\t\t\t<\/div>\n\t\t\t\t\t<\/div>\n\t\t\t\t<\/div>\n\t\t\t\t<\/div>\n\t\t","protected":false},"excerpt":{"rendered":"<p>Plataforma de Atendimento e Suporte T\u00e9cnico 24 horas Novo conceito de atendimento DISPONIBILIZE PARA SEUS CLIENTES: MANUAIS, TUTORIAIS, V\u00cdDEOS, \u00c1UDIOS E FOTOS LOW COST \u00c9 poss\u00edvel trabalhar a custo baixo usando essa plataforma, no departamento de suporte da empresa, ao substituir parte do atendimento por E-mails, WhatsApp, telefone e outros meios, de custos elevados. Os&#8230;<\/p>\n","protected":false},"author":2,"featured_media":0,"parent":0,"menu_order":0,"comment_status":"closed","ping_status":"closed","template":"elementor_canvas","meta":{"inline_featured_image":false,"_kad_post_transparent":"","_kad_post_title":"","_kad_post_layout":"","_kad_post_sidebar_id":"","_kad_post_content_style":"","_kad_post_vertical_padding":"","_kad_post_feature":"","_kad_post_feature_position":"","_kad_post_header":false,"_kad_post_footer":false,"footnotes":""},"class_list":["post-421","page","type-page","status-publish","hentry"],"_links":{"self":[{"href":"https:\/\/devel1.wp.eduead.com.br\/index.php\/wp-json\/wp\/v2\/pages\/421","targetHints":{"allow":["GET"]}}],"collection":[{"href":"https:\/\/devel1.wp.eduead.com.br\/index.php\/wp-json\/wp\/v2\/pages"}],"about":[{"href":"https:\/\/devel1.wp.eduead.com.br\/index.php\/wp-json\/wp\/v2\/types\/page"}],"author":[{"embeddable":true,"href":"https:\/\/devel1.wp.eduead.com.br\/index.php\/wp-json\/wp\/v2\/users\/2"}],"replies":[{"embeddable":true,"href":"https:\/\/devel1.wp.eduead.com.br\/index.php\/wp-json\/wp\/v2\/comments?post=421"}],"version-history":[{"count":52,"href":"https:\/\/devel1.wp.eduead.com.br\/index.php\/wp-json\/wp\/v2\/pages\/421\/revisions"}],"predecessor-version":[{"id":1294,"href":"https:\/\/devel1.wp.eduead.com.br\/index.php\/wp-json\/wp\/v2\/pages\/421\/revisions\/1294"}],"wp:attachment":[{"href":"https:\/\/devel1.wp.eduead.com.br\/index.php\/wp-json\/wp\/v2\/media?parent=421"}],"curies":[{"name":"wp","href":"https:\/\/api.w.org\/{rel}","templated":true}]}}